{"id":2606,"date":"2018-02-22T18:39:07","date_gmt":"2018-02-22T17:39:07","guid":{"rendered":"http:\/\/www.jessicazecchini.it\/homepage\/"},"modified":"2025-03-26T19:39:43","modified_gmt":"2025-03-26T18:39:43","slug":"homepage","status":"publish","type":"page","link":"https:\/\/www.jessicazecchini.it\/fr\/","title":{"rendered":"Homepage"},"content":{"rendered":"<div class=\"wpb-content-wrapper\"><p>[vc_row full_width=\u00a0\u00bbstretch_row_content_no_spaces\u00a0\u00bb][vc_column][vc_raw_html css=\u00a0\u00bb\u00a0\u00bb]JTVCc21hcnRzbGlkZXIzJTIwc2xpZGVyJTNEJTIyMyUyMiU1RA==[\/vc_raw_html][\/vc_column][\/vc_row][vc_row css=\u00a0\u00bb.vc_custom_1742843110568{margin-bottom: 0px !important;padding-top: 50px !important;padding-bottom: 0px !important;}\u00a0\u00bb][vc_column][vc_raw_html css=\u00a0\u00bb.vc_custom_1742843465535{margin-bottom: 0px !important;padding-bottom: 0px !important;}\u00a0\u00bb]PGRpdiBjbGFzcz0ib3Mtc2VjdGlvbi1kZXNjcmlwdGlvbiBhbGlnbi1jZW50ZXIgZGVzYy1jb21wYWN0IGNvbG9yLXNjaGVtZS1saWdodCAiPgo8ZGl2IGNsYXNzPSJvcy1zZWN0aW9uLWRlc2NyaXB0aW9uLWkiPgo8ZGl2IGNsYXNzPSJzZWN0aW9uLWRlc2NyaXB0aW9uLWNvbnRlbnQiPgo8aDI+U2Fpc2lzIHRvbiBjaGFuZ2VtZW50ITwvaDI+CjxwIHN0eWxlPSJmb250LXNpemU6IDIwcHg7Ij5Ew6ljb3V2cmUgbWVzIHNlcnZpY2VzIGRlIHBzeWNob3Row6lyYXBpZSBlbiBsaWduZSBwb3VyIGxlcyBmYW1pbGxlcywgbGVzIGNvdXBsZXMsIGxlcyBpbmRpdmlkdXMgZXQgbGVzIGdyb3VwZXMuPC9wPgo8L2Rpdj4KPC9kaXY+CjwvZGl2Pg==[\/vc_raw_html][\/vc_column][\/vc_row][vc_row el_class=\u00a0\u00bbservizi\u00a0\u00bb][vc_column width=\u00a0\u00bb1\/4&Prime; el_class=\u00a0\u00bbcolonna-icona fr\u00a0\u00bb]<div class=\"os-feature-with-icon wrapped-in-box color-scheme-light text-align-center media-position-top \">\n                <div class=\"fwi-media-w\" style=\"width: 75px;\"><img decoding=\"async\" alt=\"Th\u00e9rapie Familiale en Ligne\" src=\"https:\/\/www.jessicazecchini.it\/wp-content\/uploads\/2019\/08\/psico-ind-icon.jpg\" style=\"width: 75px;\"><\/div>\n                <div class=\"fwi-content-w\">\n                  <h5 class=\"fwi-header\" style=\"\">Th\u00e9rapie Familiale en Ligne<\/h5>\n                  <div class=\"fwi-content\"><p>La psychoth\u00e9rapie familiale est n\u00e9cessaire lorsqu\u2019il existe des conflits, des disharmonies relationnelles ou des comportements anormaux chez les enfants et les adolescents au sein de la famille.<\/p>\n<\/div>\n                  <div class=\"fwi-link-w without-class\"><a href=\"https:\/\/www.jessicazecchini.it\/fr\/contacts\/\">Contacte-moi pour en savoir plus<\/a><\/div>\n                <\/div>\n            <\/div>[\/vc_column][vc_column width=\u00a0\u00bb1\/4&Prime; el_class=\u00a0\u00bbcolonna-icona fr\u00a0\u00bb]<div class=\"os-feature-with-icon wrapped-in-box color-scheme-light text-align-center media-position-top \">\n                <div class=\"fwi-media-w\" style=\"width: 75px;\"><img decoding=\"async\" alt=\"Th\u00e9rapie de Couple en Ligne\" src=\"https:\/\/www.jessicazecchini.it\/wp-content\/uploads\/2019\/08\/psico-fam-icon.jpg\" style=\"width: 75px;\"><\/div>\n                <div class=\"fwi-content-w\">\n                  <h5 class=\"fwi-header\" style=\"\">Th\u00e9rapie de Couple en Ligne<\/h5>\n                  <div class=\"fwi-content\"><p>La psychoth\u00e9rapie de couple est utile dans le cas d\u2019une situation de crise persistante ou comme espace de r\u00e9flexion pour contrer les dynamiques dysfonctionnelles.<\/p>\n<\/div>\n                  <div class=\"fwi-link-w without-class\"><a href=\"https:\/\/www.jessicazecchini.it\/fr\/contacts\/\">Contacte-moi pour en savoir plus<\/a><\/div>\n                <\/div>\n            <\/div>[\/vc_column][vc_column width=\u00a0\u00bb1\/4&Prime; el_class=\u00a0\u00bbcolonna-icona fr\u00a0\u00bb]<div class=\"os-feature-with-icon wrapped-in-box color-scheme-light text-align-center media-position-top \">\n                <div class=\"fwi-media-w\" style=\"width: 75px;\"><img decoding=\"async\" alt=\"Th\u00e9rapie Individuelle en Ligne\" src=\"https:\/\/www.jessicazecchini.it\/wp-content\/uploads\/2019\/08\/psico-cop-icon.jpg\" style=\"width: 75px;\"><\/div>\n                <div class=\"fwi-content-w\">\n                  <h5 class=\"fwi-header\" style=\"\">Th\u00e9rapie Individuelle en Ligne<\/h5>\n                  <div class=\"fwi-content\"><p class=\"p1\">La psychoth\u00e9rapie individuelle est indiqu\u00e9e en cas de difficult\u00e9s psychologiques susceptibles de devenir invalidantes dans les activit\u00e9s quotidiennes, compromettant ainsi le bien-\u00eatre.<\/p>\n<\/div>\n                  <div class=\"fwi-link-w without-class\"><a href=\"https:\/\/www.jessicazecchini.it\/fr\/contacts\/\">Contacte-moi pour en savoir plus<\/a><\/div>\n                <\/div>\n            <\/div>[\/vc_column][vc_column width=\u00a0\u00bb1\/4&Prime; el_class=\u00a0\u00bbcolonna-icona fr\u00a0\u00bb]<div class=\"os-feature-with-icon wrapped-in-box color-scheme-light text-align-center media-position-top \">\n                <div class=\"fwi-media-w\" style=\"width: 60px;\"><img decoding=\"async\" alt=\"Groupes de Psychoth\u00e9rapie en Ligne\" src=\"https:\/\/www.jessicazecchini.it\/wp-content\/uploads\/2025\/03\/group.png\" style=\"width: 60px;\"><\/div>\n                <div class=\"fwi-content-w\">\n                  <h5 class=\"fwi-header\" style=\"\">Groupes de Psychoth\u00e9rapie en Ligne<\/h5>\n                  <div class=\"fwi-content\"><p class=\"p1\">La th\u00e9rapie de groupe en ligne est une exp\u00e9rience th\u00e9rapeutique pr\u00e9cieuse, qui permet de travailler sur soi-m\u00eame dans un contexte de soutien mutuel.<\/p>\n<\/div>\n                  <div class=\"fwi-link-w without-class\"><a href=\"https:\/\/www.jessicazecchini.it\/fr\/contacts\/\">Contacte-moi pour en savoir plus<\/a><\/div>\n                <\/div>\n            <\/div>[\/vc_column][\/vc_row][vc_row][vc_column]<div class=\"os-container\"><div class=\"os-text-and-image  color-scheme-light  \"><div class=\"container-fluid\">\n              <div class=\"row \"><div class=\"col-md-6 os-ti-image\" style=\"background-image: url(https:\/\/www.jessicazecchini.it\/wp-content\/uploads\/2025\/03\/photo_2_horizontal_1900x1200.jpg);\"><\/div><div class=\"col-md-6\"><div class=\"os-ti-content-left\"><h2>Mon parcours et ma m\u00e9thode de travail<\/h2>\n<p>Je m\u2019appelle <strong>Jessica Zecchini<\/strong>, je suis <strong>psychologue psychoth\u00e9rapeute<\/strong>, inscrite \u00e0 l\u2019<strong>Ordre des Psychologues de la R\u00e9gion des Abruzzes<\/strong> (n\u00b0 1609).<\/p>\n<p>Je suis dipl\u00f4m\u00e9e de l\u2019<strong>Universit\u00e9 \u00ab La Sapienza \u00bb de Rome<\/strong> en <strong>Psychologie dynamique et clinique, de la personne, des organisations et de la communaut\u00e9<\/strong>.<br \/>\nJe suis <strong>sp\u00e9cialis\u00e9e en Psychoth\u00e9rapie Familiale et Syst\u00e9mique-Relationnelle<\/strong>, et <strong>j\u2019int\u00e8gre dans ma pratique clinique la Th\u00e9rapie Br\u00e8ve Strat\u00e9gique, gr\u00e2ce \u00e0 un parcours de formation sp\u00e9cifique<\/strong> qui me permet d\u2019intervenir de mani\u00e8re cibl\u00e9e, concr\u00e8te et orient\u00e9e vers le changement.<\/p>\n<p>Depuis <strong>2017<\/strong>, je propose des <strong>parcours de psychoth\u00e9rapie en ligne<\/strong>, accompagnant les individus, les couples et les familles dans des d\u00e9marches personnalis\u00e9es de transformation et de mieux-\u00eatre.<\/p>\n<p>Je tiens \u00e9galement un <strong>blog<\/strong> consacr\u00e9 \u00e0 la psychologie et \u00e0 la croissance personnelle, dans lequel je partage des articles, des ressources et des r\u00e9flexions pour mieux comprendre ses \u00e9motions et nourrir son \u00e9quilibre int\u00e9rieur.<\/p>\n<p class=\"p1\"><a class=\"os-btn green\" href=\"https:\/\/www.jessicazecchini.it\/fr\/qui-suis-je\/\">Formation et exp\u00e9rience<\/a><\/p>\n<\/div><\/div><\/div>\n            <\/div><\/div><\/div>[\/vc_column][\/vc_row][vc_row][vc_column]<div class=\"os-container\">\n              <div class=\"os-cta-block without-offer-img color-scheme-light vc_custom_1743012162344\" style=\"\">\n                \n                <div class=\"cta-content\">\n                  <div class=\"cta-text\"><h3><strong>R\u00e9serve une s\u00e9ance en ligne<\/strong><\/h3>\n<p>Clique sur le bouton et acc\u00e8de \u00e0 la page contenant un formulaire \u00e0 remplir. Tu pourras prendre rendez-vous ou demander des informations sur mon travail.<\/p>\n<\/div>\n                  <div class=\"cta-button\"><a href=\"https:\/\/www.jessicazecchini.it\/fr\/contacts\/\" class=\"os-btn white\" style=\"background-color: #ffffff;color: #424041;\">MES CONTACTS<\/a><\/div>\n                <\/div>\n              <\/div>\n            <\/div>[\/vc_column][\/vc_row][vc_row][vc_column]\n  <div class=\"os-container\">\n    <div class=\"os-section-description align-  color-scheme-light vc_custom_1743014372726 \"><div class=\"os-section-description-i\"><div class=\"section-description-content\"><h2><strong>Suivez Mon Blog pour Approfondir et D\u00e9couvrir de Nouveaux Outils de Bien-\u00catre<\/strong><\/h2>\n<p>La psychoth\u00e9rapie est un voyage de transformation et de prise de conscience, mais le bien-\u00eatre psychologique se construit aussi \u00e0 travers la r\u00e9flexion et l\u2019apprentissage continu. C\u2019est pourquoi j\u2019ai cr\u00e9\u00e9 un <strong>blog d\u00e9di\u00e9 \u00e0 la psychologie et au d\u00e9veloppement personnel<\/strong>, un espace o\u00f9 je partage du <strong>contenu riche et pr\u00e9cieux<\/strong>, con\u00e7u pour vous aider \u00e0 mieux comprendre vos \u00e9motions, vos relations et les m\u00e9canismes qui influencent votre \u00e9quilibre int\u00e9rieur.<\/p>\n<p>Dans mon blog, vous trouverez des <strong>articles approfondis, des r\u00e9flexions et des conseils pratiques<\/strong> sur des sujets tels que :<br \/>\n\u2714 <strong>G\u00e9rer le stress et l\u2019anxi\u00e9t\u00e9<br \/>\n<\/strong>\u2714 <strong>Am\u00e9liorer la communication dans les relations<br \/>\n<\/strong>\u2714 <strong>Strat\u00e9gies pour surmonter la d\u00e9pendance affective<br \/>\n<\/strong>\u2714 <strong>Comment traverser les p\u00e9riodes de crise et de changement<br \/>\n<\/strong>\u2714 <strong>Techniques pour renforcer l\u2019estime de soi et la confiance en soi<br \/>\n<\/strong>\u2714 <strong>Approfondissements sur la th\u00e9rapie syst\u00e9mique-relationnelle et la th\u00e9rapie br\u00e8ve strat\u00e9gique<\/strong><\/p>\n<p>Que vous traversiez une difficult\u00e9 particuli\u00e8re, que vous souhaitiez am\u00e9liorer votre qualit\u00e9 de vie, ou que vous soyez simplement curieux(se) d\u2019en savoir plus sur la psychologie, mon blog est une <strong>ressource accessible et gratuite<\/strong> qui peut vous offrir des outils concrets pour votre d\u00e9veloppement personnel.<\/p>\n<p>\ud83c\udf3f <strong>Je vous invite \u00e0 suivre mon blog et \u00e0 explorer r\u00e9guli\u00e8rement les contenus que je publie. Chaque article est con\u00e7u pour vous apporter des cl\u00e9s de compr\u00e9hension et des conseils utiles, afin de vous aider \u00e0 affronter la vie avec plus de s\u00e9r\u00e9nit\u00e9 et de clart\u00e9.<\/strong><\/p>\n<p>\ud83d\udce9 <strong>Restez inform\u00e9(e) des nouveaux articles et d\u00e9couvrez comment de petits changements peuvent mener \u00e0 de grandes transformations !<\/strong><\/p>\n<p>Si vous souhaitez approfondir un sujet sp\u00e9cifique ou si vous avez des questions, n\u2019h\u00e9sitez pas \u00e0 me contacter : je serai ravie d\u2019aborder de nouvelles th\u00e9matiques qui pourraient vous \u00eatre utiles dans votre cheminement. <strong>Le bien-\u00eatre commence par la prise de conscience, et le premier pas vers le changement est la connaissance ! <\/strong>\ud83d\ude0a<\/p>\n<\/div>\n    <\/div><\/div>\n  <\/div>\n  <div class=\"os-container\">\n    <div class=\"os-recent-posts vc_custom_1616662245454  color-scheme-light\">\n      <div class=\"container-fluid\"><div class=\"recent-posts-slider\"><div class=\"recent-post-w\"><div class=\"recent-post-i\" style=\"\"><a href=\"https:\/\/www.jessicazecchini.it\/fr\/articles\/noel-en-tant-que-celibataire-apres-une-rupture\/\" class=\"recent-post-media\" style=\"background-image: url(https:\/\/www.jessicazecchini.it\/wp-content\/uploads\/2025\/12\/ChatGPT-Image-18-dic-2025-20_28_30.png);\"><\/a><h6><a href=\"https:\/\/www.jessicazecchini.it\/fr\/articles\/noel-en-tant-que-celibataire-apres-une-rupture\/\">No\u00ebl en tant que c\u00e9libataire apr\u00e8s une rupture<\/a><\/h6><\/div><\/div><div class=\"recent-post-w\"><div class=\"recent-post-i\" style=\"\"><a href=\"https:\/\/www.jessicazecchini.it\/fr\/articles\/la-pandemie-des-celibataires-8-raisons-psychologiques-dun-phenomene-en-croissance\/\" class=\"recent-post-media\" style=\"background-image: url(https:\/\/www.jessicazecchini.it\/wp-content\/uploads\/2025\/12\/ChatGPT-Image-11-dic-2025-18_20_17.png);\"><\/a><h6><a href=\"https:\/\/www.jessicazecchini.it\/fr\/articles\/la-pandemie-des-celibataires-8-raisons-psychologiques-dun-phenomene-en-croissance\/\">La pand\u00e9mie des c\u00e9libataires : 8 raisons psychologiques d\u2019un ph\u00e9nom\u00e8ne en croissance<\/a><\/h6><\/div><\/div><div class=\"recent-post-w\"><div class=\"recent-post-i\" style=\"\"><a href=\"https:\/\/www.jessicazecchini.it\/fr\/articles\/quand-le-narcissique-imite-les-qualites-de-la-victime-et-la-fait-apparaitre-cruelle\/\" class=\"recent-post-media\" style=\"background-image: url(https:\/\/www.jessicazecchini.it\/wp-content\/uploads\/2025\/12\/ChatGPT-Image-4-dic-2025-14_28_05.png);\"><\/a><h6><a href=\"https:\/\/www.jessicazecchini.it\/fr\/articles\/quand-le-narcissique-imite-les-qualites-de-la-victime-et-la-fait-apparaitre-cruelle\/\">Quand le narcissique imite les qualit\u00e9s de la victime et la fait appara\u00eetre cruelle<\/a><\/h6><\/div><\/div><div class=\"recent-post-w\"><div class=\"recent-post-i\" style=\"\"><a href=\"https:\/\/www.jessicazecchini.it\/fr\/articles\/reconnaitre-un-potentiel-feminicide-avant-quil-ne-soit-trop-tard\/\" class=\"recent-post-media\" style=\"background-image: url(https:\/\/www.jessicazecchini.it\/wp-content\/uploads\/2025\/11\/ChatGPT-Image-19-nov-2025-21_48_33.png);\"><\/a><h6><a href=\"https:\/\/www.jessicazecchini.it\/fr\/articles\/reconnaitre-un-potentiel-feminicide-avant-quil-ne-soit-trop-tard\/\">Reconna\u00eetre un potentiel f\u00e9minicide avant qu\u2019il ne soit trop tard<\/a><\/h6><\/div><\/div><div class=\"recent-post-w\"><div class=\"recent-post-i\" style=\"\"><a href=\"https:\/\/www.jessicazecchini.it\/fr\/articles\/les-5-lecons-que-lexistence-te-presente-de-toute-facon-apprends-les-avant-leffondrement\/\" class=\"recent-post-media\" style=\"background-image: url(https:\/\/www.jessicazecchini.it\/wp-content\/uploads\/2025\/11\/ChatGPT-Image-19-nov-2025-15_53_49.png);\"><\/a><h6><a href=\"https:\/\/www.jessicazecchini.it\/fr\/articles\/les-5-lecons-que-lexistence-te-presente-de-toute-facon-apprends-les-avant-leffondrement\/\">Les 5 le\u00e7ons que l\u2019existence te pr\u00e9sente de toute fa\u00e7on : apprends-les avant l\u2019effondrement<\/a><\/h6><\/div><\/div><div class=\"recent-post-w\"><div class=\"recent-post-i\" style=\"\"><a href=\"https:\/\/www.jessicazecchini.it\/fr\/articles\/la-jalousie-dans-le-couple-quand-ton-succes-devient-un-probleme\/\" class=\"recent-post-media\" style=\"background-image: url(https:\/\/www.jessicazecchini.it\/wp-content\/uploads\/2025\/11\/ChatGPT-Image-13-nov-2025-18_22_12.png);\"><\/a><h6><a href=\"https:\/\/www.jessicazecchini.it\/fr\/articles\/la-jalousie-dans-le-couple-quand-ton-succes-devient-un-probleme\/\">La jalousie dans le couple : quand ton succ\u00e8s devient un probl\u00e8me<\/a><\/h6><\/div><\/div>\n      <\/div><\/div>\n    <\/div>\n  <\/div><div class=\"os-section-wrapper  angle--bottom-none angle--top-none  color-scheme-light \"><\/div>[\/vc_column][\/vc_row]<\/p>\n<\/div>","protected":false},"excerpt":{"rendered":"<p>[vc_row full_width=\u00a0\u00bbstretch_row_content_no_spaces\u00a0\u00bb][vc_column][vc_raw_html css=\u00a0\u00bb\u00a0\u00bb]JTVCc21hcnRzbGlkZXIzJTIwc2xpZGVyJTNEJTIyMyUyMiU1RA==[\/vc_raw_html][\/vc_column][\/vc_row][vc_row css=\u00a0\u00bb.vc_custom_1742843110568{margin-bottom: 0px !important;padding-top: 50px !important;padding-bottom: 0px !important;}\u00a0\u00bb][vc_column][vc_raw_html css=\u00a0\u00bb.vc_custom_1742843465535{margin-bottom: 0px !important;padding-bottom: 0px !important;}\u00a0\u00bb]PGRpdiBjbGFzcz0ib3Mtc2VjdGlvbi1kZXNjcmlwdGlvbiBhbGlnbi1jZW50ZXIgZGVzYy1jb21wYWN0IGNvbG9yLXNjaGVtZS1saWdodCAiPgo8ZGl2IGNsYXNzPSJvcy1zZWN0aW9uLWRlc2NyaXB0aW9uLWkiPgo8ZGl2IGNsYXNzPSJzZWN0aW9uLWRlc2NyaXB0aW9uLWNvbnRlbnQiPgo8aDI+U2Fpc2lzIHRvbiBjaGFuZ2VtZW50ITwvaDI+CjxwIHN0eWxlPSJmb250LXNpemU6IDIwcHg7Ij5Ew6ljb3V2cmUgbWVzIHNlcnZpY2VzIGRlIHBzeWNob3Row6lyYXBpZSBlbiBsaWduZSBwb3VyIGxlcyBmYW1pbGxlcywgbGVzIGNvdXBsZXMsIGxlcyBpbmRpdmlkdXMgZXQgbGVzIGdyb3VwZXMuPC9wPgo8L2Rpdj4KPC9kaXY+CjwvZGl2Pg==[\/vc_raw_html][\/vc_column][\/vc_row][vc_row el_class=\u00a0\u00bbservizi\u00a0\u00bb][vc_column width=\u00a0\u00bb1\/4&Prime; el_class=\u00a0\u00bbcolonna-icona fr\u00a0\u00bb][\/vc_column][vc_column width=\u00a0\u00bb1\/4&Prime; el_class=\u00a0\u00bbcolonna-icona fr\u00a0\u00bb][\/vc_column][vc_column width=\u00a0\u00bb1\/4&Prime; el_class=\u00a0\u00bbcolonna-icona fr\u00a0\u00bb][\/vc_column][vc_column width=\u00a0\u00bb1\/4&Prime; el_class=\u00a0\u00bbcolonna-icona fr\u00a0\u00bb][\/vc_column][\/vc_row][vc_row][vc_column][\/vc_column][\/vc_row][vc_row][vc_column][\/vc_column][\/vc_row][vc_row][vc_column][\/vc_column][\/vc_row]<\/p>\n","protected":false},"author":3,"featured_media":0,"parent":0,"menu_order":0,"comment_status":"closed","ping_status":"closed","template":"page-home.php","meta":{"footnotes":""},"class_list":["post-2606","page","type-page","status-publish","hentry"],"yoast_head":"<!-- This site is optimized with the Yoast SEO plugin v24.7 - https:\/\/yoast.com\/wordpress\/plugins\/seo\/ -->\n<title>Jessica Zecchini - Psychologue et psychoth\u00e9rapeute en ligne<\/title>\n<meta name=\"description\" content=\"Psychoth\u00e9rapie familiale, de couple, individuelle en ligne. J\u2019accompagne les personnes qui traversent une p\u00e9riode de crise ou de changement.\" \/>\n<meta name=\"robots\" content=\"index, follow, max-snippet:-1, max-image-preview:large, max-video-preview:-1\" \/>\n<link rel=\"canonical\" href=\"https:\/\/www.jessicazecchini.it\/fr\/\" \/>\n<meta property=\"og:locale\" content=\"fr_FR\" \/>\n<meta property=\"og:type\" content=\"article\" \/>\n<meta property=\"og:title\" content=\"Jessica Zecchini - Psychologue et psychoth\u00e9rapeute en ligne\" \/>\n<meta property=\"og:description\" content=\"Psicoterapia familiare, di coppia, individuale a Pescara\" \/>\n<meta property=\"og:url\" content=\"https:\/\/www.jessicazecchini.it\/fr\/\" \/>\n<meta property=\"og:site_name\" content=\"Jessica Zecchini\" \/>\n<meta property=\"article:modified_time\" content=\"2025-03-26T18:39:43+00:00\" \/>\n<meta property=\"og:image\" content=\"http:\/\/www.jessicazecchini.it\/wp-content\/uploads\/2019\/09\/jessica_4-1.jpg\" \/>\n<meta name=\"twitter:card\" content=\"summary_large_image\" \/>\n<meta name=\"twitter:label1\" content=\"Dur\u00e9e de lecture estim\u00e9e\" \/>\n\t<meta name=\"twitter:data1\" content=\"5 minutes\" \/>\n<script type=\"application\/ld+json\" class=\"yoast-schema-graph\">{\"@context\":\"https:\/\/schema.org\",\"@graph\":[{\"@type\":\"WebPage\",\"@id\":\"https:\/\/www.jessicazecchini.it\/fr\/\",\"url\":\"https:\/\/www.jessicazecchini.it\/fr\/\",\"name\":\"Jessica Zecchini - Psychologue et psychoth\u00e9rapeute en ligne\",\"isPartOf\":{\"@id\":\"https:\/\/www.jessicazecchini.it\/#website\"},\"datePublished\":\"2018-02-22T17:39:07+00:00\",\"dateModified\":\"2025-03-26T18:39:43+00:00\",\"description\":\"Psychoth\u00e9rapie familiale, de couple, individuelle en ligne. J\u2019accompagne les personnes qui traversent une p\u00e9riode de crise ou de changement.\",\"breadcrumb\":{\"@id\":\"https:\/\/www.jessicazecchini.it\/fr\/#breadcrumb\"},\"inLanguage\":\"fr-FR\",\"potentialAction\":[{\"@type\":\"ReadAction\",\"target\":[\"https:\/\/www.jessicazecchini.it\/fr\/\"]}]},{\"@type\":\"BreadcrumbList\",\"@id\":\"https:\/\/www.jessicazecchini.it\/fr\/#breadcrumb\",\"itemListElement\":[{\"@type\":\"ListItem\",\"position\":1,\"name\":\"Home\",\"item\":\"https:\/\/www.jessicazecchini.it\/fr\/\"},{\"@type\":\"ListItem\",\"position\":2,\"name\":\"Homepage\"}]},{\"@type\":\"WebSite\",\"@id\":\"https:\/\/www.jessicazecchini.it\/#website\",\"url\":\"https:\/\/www.jessicazecchini.it\/\",\"name\":\"Jessica Zecchini\",\"description\":\"Psicologa e psicoterapeuta online\",\"potentialAction\":[{\"@type\":\"SearchAction\",\"target\":{\"@type\":\"EntryPoint\",\"urlTemplate\":\"https:\/\/www.jessicazecchini.it\/?s={search_term_string}\"},\"query-input\":{\"@type\":\"PropertyValueSpecification\",\"valueRequired\":true,\"valueName\":\"search_term_string\"}}],\"inLanguage\":\"fr-FR\"}]}<\/script>\n<!-- \/ Yoast SEO plugin. -->","yoast_head_json":{"title":"Jessica Zecchini - Psychologue et psychoth\u00e9rapeute en ligne","description":"Psychoth\u00e9rapie familiale, de couple, individuelle en ligne. J\u2019accompagne les personnes qui traversent une p\u00e9riode de crise ou de changement.","robots":{"index":"index","follow":"follow","max-snippet":"max-snippet:-1","max-image-preview":"max-image-preview:large","max-video-preview":"max-video-preview:-1"},"canonical":"https:\/\/www.jessicazecchini.it\/fr\/","og_locale":"fr_FR","og_type":"article","og_title":"Jessica Zecchini - Psychologue et psychoth\u00e9rapeute en ligne","og_description":"Psicoterapia familiare, di coppia, individuale a Pescara","og_url":"https:\/\/www.jessicazecchini.it\/fr\/","og_site_name":"Jessica Zecchini","article_modified_time":"2025-03-26T18:39:43+00:00","og_image":[{"url":"http:\/\/www.jessicazecchini.it\/wp-content\/uploads\/2019\/09\/jessica_4-1.jpg","type":"","width":"","height":""}],"twitter_card":"summary_large_image","twitter_misc":{"Dur\u00e9e de lecture estim\u00e9e":"5 minutes"},"schema":{"@context":"https:\/\/schema.org","@graph":[{"@type":"WebPage","@id":"https:\/\/www.jessicazecchini.it\/fr\/","url":"https:\/\/www.jessicazecchini.it\/fr\/","name":"Jessica Zecchini - Psychologue et psychoth\u00e9rapeute en ligne","isPartOf":{"@id":"https:\/\/www.jessicazecchini.it\/#website"},"datePublished":"2018-02-22T17:39:07+00:00","dateModified":"2025-03-26T18:39:43+00:00","description":"Psychoth\u00e9rapie familiale, de couple, individuelle en ligne. J\u2019accompagne les personnes qui traversent une p\u00e9riode de crise ou de changement.","breadcrumb":{"@id":"https:\/\/www.jessicazecchini.it\/fr\/#breadcrumb"},"inLanguage":"fr-FR","potentialAction":[{"@type":"ReadAction","target":["https:\/\/www.jessicazecchini.it\/fr\/"]}]},{"@type":"BreadcrumbList","@id":"https:\/\/www.jessicazecchini.it\/fr\/#breadcrumb","itemListElement":[{"@type":"ListItem","position":1,"name":"Home","item":"https:\/\/www.jessicazecchini.it\/fr\/"},{"@type":"ListItem","position":2,"name":"Homepage"}]},{"@type":"WebSite","@id":"https:\/\/www.jessicazecchini.it\/#website","url":"https:\/\/www.jessicazecchini.it\/","name":"Jessica Zecchini","description":"Psicologa e psicoterapeuta online","potentialAction":[{"@type":"SearchAction","target":{"@type":"EntryPoint","urlTemplate":"https:\/\/www.jessicazecchini.it\/?s={search_term_string}"},"query-input":{"@type":"PropertyValueSpecification","valueRequired":true,"valueName":"search_term_string"}}],"inLanguage":"fr-FR"}]}},"_links":{"self":[{"href":"https:\/\/www.jessicazecchini.it\/fr\/wp-json\/wp\/v2\/pages\/2606","targetHints":{"allow":["GET"]}}],"collection":[{"href":"https:\/\/www.jessicazecchini.it\/fr\/wp-json\/wp\/v2\/pages"}],"about":[{"href":"https:\/\/www.jessicazecchini.it\/fr\/wp-json\/wp\/v2\/types\/page"}],"author":[{"embeddable":true,"href":"https:\/\/www.jessicazecchini.it\/fr\/wp-json\/wp\/v2\/users\/3"}],"replies":[{"embeddable":true,"href":"https:\/\/www.jessicazecchini.it\/fr\/wp-json\/wp\/v2\/comments?post=2606"}],"version-history":[{"count":0,"href":"https:\/\/www.jessicazecchini.it\/fr\/wp-json\/wp\/v2\/pages\/2606\/revisions"}],"wp:attachment":[{"href":"https:\/\/www.jessicazecchini.it\/fr\/wp-json\/wp\/v2\/media?parent=2606"}],"curies":[{"name":"wp","href":"https:\/\/api.w.org\/{rel}","templated":true}]}}